{"id":1803,"date":"2024-01-11T09:33:27","date_gmt":"2024-01-11T09:33:27","guid":{"rendered":"https:\/\/spil.com.np\/?page_id=1803"},"modified":"2024-03-06T17:10:48","modified_gmt":"2024-03-06T11:25:48","slug":"re-insurer","status":"publish","type":"page","link":"https:\/\/spil.com.np\/ne\/re-insurer\/","title":{"rendered":"\u092a\u0941\u0928\u0930\u094d\u092c\u0940\u092e\u093e\u0915\u0930\u094d\u0924\u093e\u0939\u0930\u0942"},"content":{"rendered":"<div data-elementor-type=\"wp-page\" data-elementor-id=\"1803\" class=\"elementor elementor-1803\" data-elementor-post-type=\"page\">\n\t\t\t\t\t\t\t<div class=\"elementor-element elementor-element-1f11976 e-flex e-con-boxed e-con e-parent\" data-id=\"1f11976\" data-element_type=\"container\" data-settings=\"{&quot;background_background&quot;:&quot;classic&quot;,&quot;content_width&quot;:&quot;boxed&quot;}\" data-core-v316-plus=\"true\">\n\t\t\t\t\t<div class=\"e-con-inner\">\n\t\t\t\t<div class=\"elementor-element elementor-element-17f250d elementor-widget elementor-widget-heading\" data-id=\"17f250d\" data-element_type=\"widget\" data-widget_type=\"heading.default\">\n\t\t\t\t<div class=\"elementor-widget-container\">\n\t\t\t<style>\/*! elementor - v3.16.0 - 20-09-2023 *\/\n.elementor-heading-title{padding:0;margin:0;line-height:1}.elementor-widget-heading .elementor-heading-title[class*=elementor-size-]>a{color:inherit;font-size:inherit;line-height:inherit}.elementor-widget-heading .elementor-heading-title.elementor-size-small{font-size:15px}.elementor-widget-heading .elementor-heading-title.elementor-size-medium{font-size:19px}.elementor-widget-heading .elementor-heading-title.elementor-size-large{font-size:29px}.elementor-widget-heading .elementor-heading-title.elementor-size-xl{font-size:39px}.elementor-widget-heading .elementor-heading-title.elementor-size-xxl{font-size:59px}<\/style><h2 class=\"elementor-heading-title elementor-size-default\">Reinsurers<\/h2>\t\t<\/div>\n\t\t\t\t<\/div>\n\t\t\t\t\t<\/div>\n\t\t\t\t<\/div>\n\t\t<div class=\"elementor-element elementor-element-5afbdcd e-flex e-con-boxed e-con e-parent\" data-id=\"5afbdcd\" data-element_type=\"container\" data-settings=\"{&quot;content_width&quot;:&quot;boxed&quot;}\" data-core-v316-plus=\"true\">\n\t\t\t\t\t<div class=\"e-con-inner\">\n\t\t\t\t<div class=\"elementor-element elementor-element-914b435 elementor-widget elementor-widget-shortcode\" data-id=\"914b435\" data-element_type=\"widget\" data-widget_type=\"shortcode.default\">\n\t\t\t\t<div class=\"elementor-widget-container\">\n\t\t\t\t\t<div class=\"elementor-shortcode\">\n<table id=\"tablepress-37\" class=\"tablepress tablepress-id-37\">\n<thead>\n<tr class=\"row-1\">\n\t<th class=\"column-1\">S.No.<\/th><th class=\"column-2\">Logos<\/th><th class=\"column-3\">\u092a\u0941\u0928\u0930\u094d\u092c\u0940\u092e\u093e\u0915\u0930\u094d\u0924\u093e\u0939\u0930\u0942<\/th><th class=\"column-4\">\u0935\u0947\u092c\u0938\u093e\u0907\u091f<\/th><th class=\"column-5\">Ratings<\/th><th class=\"column-6\">Rating Agency<\/th>\n<\/tr>\n<\/thead>\n<tbody class=\"row-hover\">\n<tr class=\"row-2\">\n\t<td class=\"column-1\">1<\/td><td class=\"column-2\"><img loading=\"lazy\" decoding=\"async\" src=\"https:\/\/spil.com.np\/wp-content\/uploads\/2024\/03\/Best-Meridian-International-Insurance-Company_-150x150.webp\" alt=\"\" width=\"150\" height=\"150\" class=\"alignleft size-thumbnail wp-image-5396\" srcset=\"https:\/\/spil.com.np\/wp-content\/uploads\/2024\/03\/Best-Meridian-International-Insurance-Company_-150x150.webp 150w, https:\/\/spil.com.np\/wp-content\/uploads\/2024\/03\/Best-Meridian-International-Insurance-Company_-300x300.webp 300w, https:\/\/spil.com.np\/wp-content\/uploads\/2024\/03\/Best-Meridian-International-Insurance-Company_-12x12.webp 12w, https:\/\/spil.com.np\/wp-content\/uploads\/2024\/03\/Best-Meridian-International-Insurance-Company_.webp 600w\" sizes=\"auto, (max-width: 150px) 100vw, 150px\" \/><\/td><td class=\"column-3\">Best Meridian International Insurance Company <\/td><td class=\"column-4\"><a href=\"https:\/\/www.bmicos.com\/\" rel=\"noopener\" target=\"_blank\">https:\/\/www.bmicos.com\/<\/a><\/td><td class=\"column-5\">A-<\/td><td class=\"column-6\">A.M.Best<\/td>\n<\/tr>\n<tr class=\"row-3\">\n\t<td class=\"column-1\">2<\/td><td class=\"column-2\"><img loading=\"lazy\" decoding=\"async\" src=\"https:\/\/spil.com.np\/wp-content\/uploads\/2024\/03\/Kenya-Reinsurance-Corporation-Ltd_-150x150.webp\" alt=\"\" width=\"150\" height=\"150\" class=\"alignleft size-thumbnail wp-image-5404\" srcset=\"https:\/\/spil.com.np\/wp-content\/uploads\/2024\/03\/Kenya-Reinsurance-Corporation-Ltd_-150x150.webp 150w, https:\/\/spil.com.np\/wp-content\/uploads\/2024\/03\/Kenya-Reinsurance-Corporation-Ltd_-300x300.webp 300w, https:\/\/spil.com.np\/wp-content\/uploads\/2024\/03\/Kenya-Reinsurance-Corporation-Ltd_-12x12.webp 12w, https:\/\/spil.com.np\/wp-content\/uploads\/2024\/03\/Kenya-Reinsurance-Corporation-Ltd_.webp 600w\" sizes=\"auto, (max-width: 150px) 100vw, 150px\" \/><\/td><td class=\"column-3\">\u0915\u0947\u0928\u094d\u092f\u093e Reinsurance \u0928\u093f\u0917\u092e \u0932\u093f\u092e\u093f\u091f\u0947\u0921.<\/td><td class=\"column-4\"><a href=\"https:\/\/www.kenyare.co.ke\" rel=\"noopener\" target=\"_blank\">https:\/\/www.kenyare.co.ke<\/a><\/td><td class=\"column-5\">B<\/td><td class=\"column-6\">A.M.Best<\/td>\n<\/tr>\n<tr class=\"row-4\">\n\t<td class=\"column-1\">3<\/td><td class=\"column-2\"><img loading=\"lazy\" decoding=\"async\" src=\"https:\/\/spil.com.np\/wp-content\/uploads\/2024\/03\/East-Africa-Reinsurance-Co.-Ltd_-150x150.webp\" alt=\"\" width=\"150\" height=\"150\" class=\"alignleft size-thumbnail wp-image-5401\" srcset=\"https:\/\/spil.com.np\/wp-content\/uploads\/2024\/03\/East-Africa-Reinsurance-Co.-Ltd_-150x150.webp 150w, https:\/\/spil.com.np\/wp-content\/uploads\/2024\/03\/East-Africa-Reinsurance-Co.-Ltd_-300x300.webp 300w, https:\/\/spil.com.np\/wp-content\/uploads\/2024\/03\/East-Africa-Reinsurance-Co.-Ltd_-12x12.webp 12w, https:\/\/spil.com.np\/wp-content\/uploads\/2024\/03\/East-Africa-Reinsurance-Co.-Ltd_.webp 600w\" sizes=\"auto, (max-width: 150px) 100vw, 150px\" \/><\/td><td class=\"column-3\">\u092a\u0942\u0930\u094d\u0935 \u0905\u092b\u094d\u0930\u0940\u0915\u093e Reinsurance Co. Ltd.<\/td><td class=\"column-4\"><a href=\"https:\/\/eastafricare.com\/\" rel=\"noopener\" target=\"_blank\">https:\/\/eastafricare.com\/<\/a><\/td><td class=\"column-5\">B<\/td><td class=\"column-6\">A.M.Best<\/td>\n<\/tr>\n<tr class=\"row-5\">\n\t<td class=\"column-1\">4<\/td><td class=\"column-2\"><img loading=\"lazy\" decoding=\"async\" src=\"https:\/\/spil.com.np\/wp-content\/uploads\/2024\/03\/Societe-Tunisienne-150x150.webp\" alt=\"\" width=\"150\" height=\"150\" class=\"alignleft size-thumbnail wp-image-5393\" srcset=\"https:\/\/spil.com.np\/wp-content\/uploads\/2024\/03\/Societe-Tunisienne-150x150.webp 150w, https:\/\/spil.com.np\/wp-content\/uploads\/2024\/03\/Societe-Tunisienne-300x300.webp 300w, https:\/\/spil.com.np\/wp-content\/uploads\/2024\/03\/Societe-Tunisienne-12x12.webp 12w, https:\/\/spil.com.np\/wp-content\/uploads\/2024\/03\/Societe-Tunisienne.webp 600w\" sizes=\"auto, (max-width: 150px) 100vw, 150px\" \/><\/td><td class=\"column-3\">Soci\u00e9t\u00e9 Tunisienne de R\u00e9assurance (\u091f\u094d\u092f\u0941\u0928\u093f\u0938\u093f\u092f\u093e \u092a\u0941\u0928)<\/td><td class=\"column-4\"><a href=\"https:\/\/www.tunisre.com.tn\/en\/\" rel=\"noopener\" target=\"_blank\">https:\/\/www.tunisre.com.tn\/en\/<\/a><\/td><td class=\"column-5\">AA (tun)<\/td><td class=\"column-6\">Fitch Ratings<\/td>\n<\/tr>\n<tr class=\"row-6\">\n\t<td class=\"column-1\">5<\/td><td class=\"column-2\"><img loading=\"lazy\" decoding=\"async\" src=\"https:\/\/spil.com.np\/wp-content\/uploads\/2024\/03\/GIC-150x150.webp\" alt=\"\" width=\"150\" height=\"150\" class=\"alignleft size-thumbnail wp-image-5402\" srcset=\"https:\/\/spil.com.np\/wp-content\/uploads\/2024\/03\/GIC-150x150.webp 150w, https:\/\/spil.com.np\/wp-content\/uploads\/2024\/03\/GIC-300x300.webp 300w, https:\/\/spil.com.np\/wp-content\/uploads\/2024\/03\/GIC-12x12.webp 12w, https:\/\/spil.com.np\/wp-content\/uploads\/2024\/03\/GIC.webp 600w\" sizes=\"auto, (max-width: 150px) 100vw, 150px\" \/><\/td><td class=\"column-3\">\u091c\u0940\u0906\u0908\u0938\u0940 \u092d\u0941\u091f\u093e\u0928 Reinsurance \u0938\u0940\u092e\u093f\u0924<\/td><td class=\"column-4\"><a href=\"https:\/\/www.gicbhutanre.com\/\" rel=\"noopener\" target=\"_blank\">https:\/\/www.gicbhutanre.com\/<\/a><\/td><td class=\"column-5\">A (In)<\/td><td class=\"column-6\">CARE Ratings<\/td>\n<\/tr>\n<tr class=\"row-7\">\n\t<td class=\"column-1\">6<\/td><td class=\"column-2\"><img loading=\"lazy\" decoding=\"async\" src=\"https:\/\/spil.com.np\/wp-content\/uploads\/2024\/03\/CICA-Re-150x150.webp\" alt=\"\" width=\"150\" height=\"150\" class=\"alignleft size-thumbnail wp-image-5397\" srcset=\"https:\/\/spil.com.np\/wp-content\/uploads\/2024\/03\/CICA-Re-150x150.webp 150w, https:\/\/spil.com.np\/wp-content\/uploads\/2024\/03\/CICA-Re-300x300.webp 300w, https:\/\/spil.com.np\/wp-content\/uploads\/2024\/03\/CICA-Re-12x12.webp 12w, https:\/\/spil.com.np\/wp-content\/uploads\/2024\/03\/CICA-Re.webp 600w\" sizes=\"auto, (max-width: 150px) 100vw, 150px\" \/><\/td><td class=\"column-3\">Compagnie \u0906\u0936\u094d\u0930\u092e de \u0906\u0936\u094d\u0935\u093e\u0938\u0928 des \u0930\u093e\u091c\u094d\u092f \u0905\u092e\u0947\u0930\u093f\u0915\u093e Membres de la CIMA (CICA \u092a\u0941\u0928)<\/td><td class=\"column-4\"><a href=\"https:\/\/cica-re.com\/\" rel=\"noopener\" target=\"_blank\">https:\/\/cica-re.com\/<\/a><\/td><td class=\"column-5\">B+<\/td><td class=\"column-6\">A.M.Best<\/td>\n<\/tr>\n<tr class=\"row-8\">\n\t<td class=\"column-1\">7<\/td><td class=\"column-2\"><img loading=\"lazy\" decoding=\"async\" src=\"https:\/\/spil.com.np\/wp-content\/uploads\/2024\/03\/Active-Capital-150x150.webp\" alt=\"\" width=\"150\" height=\"150\" class=\"alignleft size-thumbnail wp-image-5394\" srcset=\"https:\/\/spil.com.np\/wp-content\/uploads\/2024\/03\/Active-Capital-150x150.webp 150w, https:\/\/spil.com.np\/wp-content\/uploads\/2024\/03\/Active-Capital-300x300.webp 300w, https:\/\/spil.com.np\/wp-content\/uploads\/2024\/03\/Active-Capital-12x12.webp 12w, https:\/\/spil.com.np\/wp-content\/uploads\/2024\/03\/Active-Capital.webp 600w\" sizes=\"auto, (max-width: 150px) 100vw, 150px\" \/><\/td><td class=\"column-3\">\u0938\u0915\u094d\u0930\u093f\u092f \u0930\u093e\u091c\u0927\u093e\u0928\u0940 Reinsurance \u0932\u093f\u092e\u093f\u091f\u0947\u0921.<\/td><td class=\"column-4\"><a href=\"https:\/\/www.active-re.com\" rel=\"noopener\" target=\"_blank\">https:\/\/www.active-re.com\/<\/a><\/td><td class=\"column-5\">A<\/td><td class=\"column-6\">A.M.Best<\/td>\n<\/tr>\n<tr class=\"row-9\">\n\t<td class=\"column-1\">8<\/td><td class=\"column-2\"><img loading=\"lazy\" decoding=\"async\" src=\"https:\/\/spil.com.np\/wp-content\/uploads\/2024\/03\/Asian-Re-150x150.webp\" alt=\"\" width=\"150\" height=\"150\" class=\"alignleft size-thumbnail wp-image-5395\" srcset=\"https:\/\/spil.com.np\/wp-content\/uploads\/2024\/03\/Asian-Re-150x150.webp 150w, https:\/\/spil.com.np\/wp-content\/uploads\/2024\/03\/Asian-Re-300x300.webp 300w, https:\/\/spil.com.np\/wp-content\/uploads\/2024\/03\/Asian-Re-12x12.webp 12w, https:\/\/spil.com.np\/wp-content\/uploads\/2024\/03\/Asian-Re.webp 600w\" sizes=\"auto, (max-width: 150px) 100vw, 150px\" \/><\/td><td class=\"column-3\">\u090f\u0936\u093f\u092f\u093e\u0932\u0940 Reinsurance \u0928\u093f\u0917\u092e<\/td><td class=\"column-4\"><a href=\"https:\/\/asianrecorp.com\" rel=\"noopener\" target=\"_blank\">https:\/\/asianrecorp.com\/<\/a><\/td><td class=\"column-5\">B+<\/td><td class=\"column-6\">A.M.Best<\/td>\n<\/tr>\n<tr class=\"row-10\">\n\t<td class=\"column-1\">9<\/td><td class=\"column-2\"><img loading=\"lazy\" decoding=\"async\" src=\"https:\/\/spil.com.np\/wp-content\/uploads\/2024\/03\/Nepal-Re-150x150.webp\" alt=\"\" width=\"150\" height=\"150\" class=\"alignleft size-thumbnail wp-image-5400\" srcset=\"https:\/\/spil.com.np\/wp-content\/uploads\/2024\/03\/Nepal-Re-150x150.webp 150w, https:\/\/spil.com.np\/wp-content\/uploads\/2024\/03\/Nepal-Re-300x300.webp 300w, https:\/\/spil.com.np\/wp-content\/uploads\/2024\/03\/Nepal-Re-12x12.webp 12w, https:\/\/spil.com.np\/wp-content\/uploads\/2024\/03\/Nepal-Re.webp 600w\" sizes=\"auto, (max-width: 150px) 100vw, 150px\" \/><\/td><td class=\"column-3\">\u0928\u0947\u092a\u093e\u0932 Reinsurance \u0915\u092e\u094d\u092a\u0928\u0940 \u0932\u093f\u092e\u093f\u091f\u0947\u0921<\/td><td class=\"column-4\"><a href=\"https:\/\/nepalre.com.np\/en\" rel=\"noopener\" target=\"_blank\">https:\/\/nepalre.com.np\/en<\/a><\/td><td class=\"column-5\">Local <\/td><td class=\"column-6\">\u0928\u093e<\/td>\n<\/tr>\n<tr class=\"row-11\">\n\t<td class=\"column-1\">10<\/td><td class=\"column-2\"><img loading=\"lazy\" decoding=\"async\" src=\"https:\/\/spil.com.np\/wp-content\/uploads\/2024\/03\/Himalayan-Re-150x150.webp\" alt=\"\" width=\"150\" height=\"150\" class=\"alignleft size-thumbnail wp-image-5403\" srcset=\"https:\/\/spil.com.np\/wp-content\/uploads\/2024\/03\/Himalayan-Re-150x150.webp 150w, https:\/\/spil.com.np\/wp-content\/uploads\/2024\/03\/Himalayan-Re-300x300.webp 300w, https:\/\/spil.com.np\/wp-content\/uploads\/2024\/03\/Himalayan-Re-12x12.webp 12w, https:\/\/spil.com.np\/wp-content\/uploads\/2024\/03\/Himalayan-Re.webp 600w\" sizes=\"auto, (max-width: 150px) 100vw, 150px\" \/><\/td><td class=\"column-3\">\u0939\u093f\u092e\u093e\u0932\u092f\u0928 Reinsurance \u0932\u093f\u092e\u093f\u091f\u0947\u0921.<\/td><td class=\"column-4\"><a href=\"https:\/\/himalayanre.com\" rel=\"noopener\" target=\"_blank\">https:\/\/himalayanre.com<\/a><\/td><td class=\"column-5\">B<\/td><td class=\"column-6\">A.M.Best<\/td>\n<\/tr>\n<tr class=\"row-12\">\n\t<td class=\"column-1\">11<\/td><td class=\"column-2\"><img loading=\"lazy\" decoding=\"async\" src=\"https:\/\/spil.com.np\/wp-content\/uploads\/2024\/03\/Hannover-Re-150x150.webp\" alt=\"\" width=\"150\" height=\"150\" class=\"alignleft size-thumbnail wp-image-5399\" srcset=\"https:\/\/spil.com.np\/wp-content\/uploads\/2024\/03\/Hannover-Re-150x150.webp 150w, https:\/\/spil.com.np\/wp-content\/uploads\/2024\/03\/Hannover-Re-300x300.webp 300w, https:\/\/spil.com.np\/wp-content\/uploads\/2024\/03\/Hannover-Re-12x12.webp 12w, https:\/\/spil.com.np\/wp-content\/uploads\/2024\/03\/Hannover-Re.webp 600w\" sizes=\"auto, (max-width: 150px) 100vw, 150px\" \/><\/td><td class=\"column-3\">\u0939\u094d\u092f\u093e\u0928\u0913\u092d\u0930 \u092a\u0941\u0928<\/td><td class=\"column-4\"><a href=\"https:\/\/www.hannover-re.com\" rel=\"noopener\" target=\"_blank\">https:\/\/www.hannover-re.com\/<\/a><\/td><td class=\"column-5\">A+<\/td><td class=\"column-6\">A.M.Best<\/td>\n<\/tr>\n<tr class=\"row-13\">\n\t<td class=\"column-1\">12<\/td><td class=\"column-2\"><img loading=\"lazy\" decoding=\"async\" src=\"https:\/\/spil.com.np\/wp-content\/uploads\/2024\/03\/General-Insurance-150x150.webp\" alt=\"\" width=\"150\" height=\"150\" class=\"alignleft size-thumbnail wp-image-5398\" srcset=\"https:\/\/spil.com.np\/wp-content\/uploads\/2024\/03\/General-Insurance-150x150.webp 150w, https:\/\/spil.com.np\/wp-content\/uploads\/2024\/03\/General-Insurance-300x300.webp 300w, https:\/\/spil.com.np\/wp-content\/uploads\/2024\/03\/General-Insurance-12x12.webp 12w, https:\/\/spil.com.np\/wp-content\/uploads\/2024\/03\/General-Insurance.webp 600w\" sizes=\"auto, (max-width: 150px) 100vw, 150px\" \/><\/td><td class=\"column-3\">\u0938\u093e\u092e\u093e\u0928\u094d\u092f \u092c\u0940\u092e\u093e \u0928\u093f\u0917\u092e \u0915\u094b \u092d\u093e\u0930\u0924<\/td><td class=\"column-4\"><a href=\"https:\/\/www.gicre.in\/en\" rel=\"noopener\" target=\"_blank\">https:\/\/www.gicre.in\/en\/<\/a><\/td><td class=\"column-5\">B++<\/td><td class=\"column-6\">A.M.Best<\/td>\n<\/tr>\n<tr class=\"row-14\">\n\t<td class=\"column-1\">13<\/td><td class=\"column-2\"><img loading=\"lazy\" decoding=\"async\" src=\"https:\/\/spil.com.np\/wp-content\/uploads\/2024\/03\/New-India-150x150.webp\" alt=\"\" width=\"150\" height=\"150\" class=\"alignleft size-thumbnail wp-image-5405\" srcset=\"https:\/\/spil.com.np\/wp-content\/uploads\/2024\/03\/New-India-150x150.webp 150w, https:\/\/spil.com.np\/wp-content\/uploads\/2024\/03\/New-India-300x300.webp 300w, https:\/\/spil.com.np\/wp-content\/uploads\/2024\/03\/New-India-12x12.webp 12w, https:\/\/spil.com.np\/wp-content\/uploads\/2024\/03\/New-India.webp 600w\" sizes=\"auto, (max-width: 150px) 100vw, 150px\" \/><\/td><td class=\"column-3\">\u0928\u092f\u093e\u0901 \u092d\u093e\u0930\u0924 \u0906\u0936\u094d\u0935\u093e\u0938\u0928 \u0915\u092e\u094d\u092a\u0928\u0940 \u0932\u093f\u092e\u093f\u091f\u0947\u0921<\/td><td class=\"column-4\"><a href=\"https:\/\/www.newindia.co.in\" rel=\"noopener\" target=\"_blank\">https:\/\/www.newindia.co.in\/<\/a><\/td><td class=\"column-5\">B++<\/td><td class=\"column-6\">A.M.Best<\/td>\n<\/tr>\n<\/tbody>\n<\/table>\n<!-- #tablepress-37 from cache --><\/div>\n\t\t\t\t<\/div>\n\t\t\t\t<\/div>\n\t\t\t\t\t<\/div>\n\t\t\t\t<\/div>\n\t\t<div class=\"elementor-element elementor-element-4760b2e e-flex e-con-boxed e-con e-parent\" data-id=\"4760b2e\" data-element_type=\"container\" data-settings=\"{&quot;background_background&quot;:&quot;classic&quot;,&quot;content_width&quot;:&quot;boxed&quot;}\" data-core-v316-plus=\"true\">\n\t\t\t\t\t<div class=\"e-con-inner\">\n\t\t<div class=\"elementor-element elementor-element-a57c2d8 e-flex e-con-boxed e-con e-child\" data-id=\"a57c2d8\" data-element_type=\"container\" data-settings=\"{&quot;content_width&quot;:&quot;boxed&quot;}\">\n\t\t\t\t\t<div class=\"e-con-inner\">\n\t\t\t\t<div class=\"elementor-element elementor-element-e248d94 elementor-widget elementor-widget-heading\" data-id=\"e248d94\" data-element_type=\"widget\" data-widget_type=\"heading.default\">\n\t\t\t\t<div class=\"elementor-widget-container\">\n\t\t\t<h4 class=\"elementor-heading-title elementor-size-default\">Insurance Brokers<\/h4>\t\t<\/div>\n\t\t\t\t<\/div>\n\t\t\t\t\t<\/div>\n\t\t\t\t<\/div>\n\t\t\t\t<div class=\"elementor-element elementor-element-ab835a8 elementor-widget elementor-widget-shortcode\" data-id=\"ab835a8\" data-element_type=\"widget\" data-widget_type=\"shortcode.default\">\n\t\t\t\t<div class=\"elementor-widget-container\">\n\t\t\t\t\t<div class=\"elementor-shortcode\">\n<table id=\"tablepress-36\" class=\"tablepress tablepress-id-36\">\n<thead>\n<tr class=\"row-1\">\n\t<th class=\"column-1\">S.No.<\/th><th class=\"column-2\"> Logos<\/th><th class=\"column-3\">Brokers<\/th><th class=\"column-4\">\u0935\u0947\u092c\u0938\u093e\u0907\u091f<\/th>\n<\/tr>\n<\/thead>\n<tbody class=\"row-hover\">\n<tr class=\"row-2\">\n\t<td class=\"column-1\">1<\/td><td class=\"column-2\"><img loading=\"lazy\" decoding=\"async\" src=\"https:\/\/spil.com.np\/wp-content\/uploads\/2024\/03\/J.B.Boda-Co_-150x150.webp\" alt=\"\" width=\"150\" height=\"150\" class=\"alignleft size-thumbnail wp-image-5416\" srcset=\"https:\/\/spil.com.np\/wp-content\/uploads\/2024\/03\/J.B.Boda-Co_-150x150.webp 150w, https:\/\/spil.com.np\/wp-content\/uploads\/2024\/03\/J.B.Boda-Co_-300x300.webp 300w, https:\/\/spil.com.np\/wp-content\/uploads\/2024\/03\/J.B.Boda-Co_-12x12.webp 12w, https:\/\/spil.com.np\/wp-content\/uploads\/2024\/03\/J.B.Boda-Co_.webp 600w\" sizes=\"auto, (max-width: 150px) 100vw, 150px\" \/><\/td><td class=\"column-3\">J.B.Boda &amp; Co. (U.K.) Ltd.<\/td><td class=\"column-4\"><a href=\"https:\/\/jbbodagroup.com\/united-kingdom\/\" rel=\"noopener\" target=\"_blank\">https:\/\/jbbodagroup.com\/united-kingdom\/<\/a><\/td>\n<\/tr>\n<tr class=\"row-3\">\n\t<td class=\"column-1\">2<\/td><td class=\"column-2\"><img loading=\"lazy\" decoding=\"async\" src=\"https:\/\/spil.com.np\/wp-content\/uploads\/2024\/03\/J.B.Boda-Co_-150x150.webp\" alt=\"\" width=\"150\" height=\"150\" class=\"alignleft size-thumbnail wp-image-5416\" srcset=\"https:\/\/spil.com.np\/wp-content\/uploads\/2024\/03\/J.B.Boda-Co_-150x150.webp 150w, https:\/\/spil.com.np\/wp-content\/uploads\/2024\/03\/J.B.Boda-Co_-300x300.webp 300w, https:\/\/spil.com.np\/wp-content\/uploads\/2024\/03\/J.B.Boda-Co_-12x12.webp 12w, https:\/\/spil.com.np\/wp-content\/uploads\/2024\/03\/J.B.Boda-Co_.webp 600w\" sizes=\"auto, (max-width: 150px) 100vw, 150px\" \/><\/td><td class=\"column-3\">J B Boda Insurance &amp; Reinsurance Brokers Pvt Ltd, Mumbai<\/td><td class=\"column-4\"><a href=\"https:\/\/jbbodagroup.com\/j-b-boda-insurance-reinsurance-brokers-pvt-ltd\/\" rel=\"noopener\" target=\"_blank\">https:\/\/jbbodagroup.com\/j-b-boda-insurance-reinsurance-brokers-pvt-ltd\/<\/a><\/td>\n<\/tr>\n<tr class=\"row-4\">\n\t<td class=\"column-1\">3<\/td><td class=\"column-2\"><img loading=\"lazy\" decoding=\"async\" src=\"https:\/\/spil.com.np\/wp-content\/uploads\/2024\/03\/J.B.Boda-Co_-150x150.webp\" alt=\"\" width=\"150\" height=\"150\" class=\"alignleft size-thumbnail wp-image-5416\" srcset=\"https:\/\/spil.com.np\/wp-content\/uploads\/2024\/03\/J.B.Boda-Co_-150x150.webp 150w, https:\/\/spil.com.np\/wp-content\/uploads\/2024\/03\/J.B.Boda-Co_-300x300.webp 300w, https:\/\/spil.com.np\/wp-content\/uploads\/2024\/03\/J.B.Boda-Co_-12x12.webp 12w, https:\/\/spil.com.np\/wp-content\/uploads\/2024\/03\/J.B.Boda-Co_.webp 600w\" sizes=\"auto, (max-width: 150px) 100vw, 150px\" \/><\/td><td class=\"column-3\">J B Boda &amp; Co (S) PTE LTD, SINGAPORE<\/td><td class=\"column-4\"><a href=\"https:\/\/jbbodagroup.com\/singapore\/\" rel=\"noopener\" target=\"_blank\">https:\/\/jbbodagroup.com\/singapore\/<\/a><\/td>\n<\/tr>\n<tr class=\"row-5\">\n\t<td class=\"column-1\">4<\/td><td class=\"column-2\"><img loading=\"lazy\" decoding=\"async\" src=\"https:\/\/spil.com.np\/wp-content\/uploads\/2024\/03\/Protection-Insurance-150x150.webp\" alt=\"\" width=\"150\" height=\"150\" class=\"alignleft size-thumbnail wp-image-5418\" srcset=\"https:\/\/spil.com.np\/wp-content\/uploads\/2024\/03\/Protection-Insurance-150x150.webp 150w, https:\/\/spil.com.np\/wp-content\/uploads\/2024\/03\/Protection-Insurance-300x300.webp 300w, https:\/\/spil.com.np\/wp-content\/uploads\/2024\/03\/Protection-Insurance-12x12.webp 12w, https:\/\/spil.com.np\/wp-content\/uploads\/2024\/03\/Protection-Insurance.webp 600w\" sizes=\"auto, (max-width: 150px) 100vw, 150px\" \/><\/td><td class=\"column-3\">Pioneer\u00a0Insurance &amp; Reinsurance\u00a0Brokers Pvt. Ltd, Mumbai<\/td><td class=\"column-4\"><a href=\"https:\/\/www.pincinsurance.com\/\" rel=\"noopener\" target=\"_blank\">https:\/\/www.pincinsurance.com\/<\/a><\/td>\n<\/tr>\n<tr class=\"row-6\">\n\t<td class=\"column-1\">5<\/td><td class=\"column-2\"><img loading=\"lazy\" decoding=\"async\" src=\"https:\/\/spil.com.np\/wp-content\/uploads\/2024\/03\/Pioneer-Insurance-150x150.webp\" alt=\"\" width=\"150\" height=\"150\" class=\"alignleft size-thumbnail wp-image-5417\" srcset=\"https:\/\/spil.com.np\/wp-content\/uploads\/2024\/03\/Pioneer-Insurance-150x150.webp 150w, https:\/\/spil.com.np\/wp-content\/uploads\/2024\/03\/Pioneer-Insurance-300x300.webp 300w, https:\/\/spil.com.np\/wp-content\/uploads\/2024\/03\/Pioneer-Insurance-12x12.webp 12w, https:\/\/spil.com.np\/wp-content\/uploads\/2024\/03\/Pioneer-Insurance.webp 600w\" sizes=\"auto, (max-width: 150px) 100vw, 150px\" \/><\/td><td class=\"column-3\">Protection Insurance Services (PIS), Bahrain<\/td><td class=\"column-4\"><a href=\"https:\/\/pis.bh\/\" rel=\"noopener\" target=\"_blank\">https:\/\/pis.bh\/<\/a><\/td>\n<\/tr>\n<tr class=\"row-7\">\n\t<td class=\"column-1\">6<\/td><td class=\"column-2\"><img loading=\"lazy\" decoding=\"async\" src=\"https:\/\/spil.com.np\/wp-content\/uploads\/2024\/03\/Sridhar-Insurance-150x150.webp\" alt=\"\" width=\"150\" height=\"150\" class=\"alignleft size-thumbnail wp-image-5419\" srcset=\"https:\/\/spil.com.np\/wp-content\/uploads\/2024\/03\/Sridhar-Insurance-150x150.webp 150w, https:\/\/spil.com.np\/wp-content\/uploads\/2024\/03\/Sridhar-Insurance-300x300.webp 300w, https:\/\/spil.com.np\/wp-content\/uploads\/2024\/03\/Sridhar-Insurance-12x12.webp 12w, https:\/\/spil.com.np\/wp-content\/uploads\/2024\/03\/Sridhar-Insurance.webp 600w\" sizes=\"auto, (max-width: 150px) 100vw, 150px\" \/><\/td><td class=\"column-3\">Sridhar\u00a0Insurance\u00a0Broker\u00a0Pvt Ltd, New Delhi <\/td><td class=\"column-4\"><a href=\"https:\/\/www.sibinsure.com\/\" rel=\"noopener\" target=\"_blank\">https:\/\/www.sibinsure.com\/<\/a><\/td>\n<\/tr>\n<tr class=\"row-8\">\n\t<td class=\"column-1\">7<\/td><td class=\"column-2\"><img loading=\"lazy\" decoding=\"async\" src=\"https:\/\/spil.com.np\/wp-content\/uploads\/2024\/03\/SYMBO-150x150.webp\" alt=\"\" width=\"150\" height=\"150\" class=\"alignleft size-thumbnail wp-image-5415\" srcset=\"https:\/\/spil.com.np\/wp-content\/uploads\/2024\/03\/SYMBO-150x150.webp 150w, https:\/\/spil.com.np\/wp-content\/uploads\/2024\/03\/SYMBO-300x300.webp 300w, https:\/\/spil.com.np\/wp-content\/uploads\/2024\/03\/SYMBO-12x12.webp 12w, https:\/\/spil.com.np\/wp-content\/uploads\/2024\/03\/SYMBO.webp 600w\" sizes=\"auto, (max-width: 150px) 100vw, 150px\" \/><\/td><td class=\"column-3\">SYMBO BROKERS PTE. LTD., Singapore<\/td><td class=\"column-4\"><a href=\"https:\/\/www.symbo.co\/\" rel=\"noopener\" target=\"_blank\">https:\/\/www.symbo.co\/<\/a><\/td>\n<\/tr>\n<\/tbody>\n<\/table>\n<!-- #tablepress-36 from cache --><\/div>\n\t\t\t\t<\/div>\n\t\t\t\t<\/div>\n\t\t\t\t\t<\/div>\n\t\t\t\t<\/div>\n\t\t\t\t\t\t\t<\/div>","protected":false},"excerpt":{"rendered":"<p>Reinsurers Insurance Brokers<\/p>","protected":false},"author":1,"featured_media":0,"parent":0,"menu_order":0,"comment_status":"closed","ping_status":"closed","template":"elementor_header_footer","meta":{"_lmt_disableupdate":"","_lmt_disable":"","footnotes":""},"class_list":["post-1803","page","type-page","status-publish","hentry"],"blocksy_meta":"","_links":{"self":[{"href":"https:\/\/spil.com.np\/ne\/wp-json\/wp\/v2\/pages\/1803","targetHints":{"allow":["GET"]}}],"collection":[{"href":"https:\/\/spil.com.np\/ne\/wp-json\/wp\/v2\/pages"}],"about":[{"href":"https:\/\/spil.com.np\/ne\/wp-json\/wp\/v2\/types\/page"}],"author":[{"embeddable":true,"href":"https:\/\/spil.com.np\/ne\/wp-json\/wp\/v2\/users\/1"}],"replies":[{"embeddable":true,"href":"https:\/\/spil.com.np\/ne\/wp-json\/wp\/v2\/comments?post=1803"}],"version-history":[{"count":46,"href":"https:\/\/spil.com.np\/ne\/wp-json\/wp\/v2\/pages\/1803\/revisions"}],"predecessor-version":[{"id":5432,"href":"https:\/\/spil.com.np\/ne\/wp-json\/wp\/v2\/pages\/1803\/revisions\/5432"}],"wp:attachment":[{"href":"https:\/\/spil.com.np\/ne\/wp-json\/wp\/v2\/media?parent=1803"}],"curies":[{"name":"wp","href":"https:\/\/api.w.org\/{rel}","templated":true}]}}